{"id":833,"date":"2020-09-22T20:18:18","date_gmt":"2020-09-23T00:18:18","guid":{"rendered":"https:\/\/creativosbyhand.com\/?page_id=833"},"modified":"2020-09-26T12:03:05","modified_gmt":"2020-09-26T16:03:05","slug":"thank-you","status":"publish","type":"page","link":"https:\/\/creativosbyhand.com\/index.php\/thank-you\/","title":{"rendered":"Thank You! &#8211; Gracias"},"content":{"rendered":"\n<p>\u00a1Gracias por contactarnos! &#8211; En tu correo electr\u00f3nico encontrar\u00e1s nuestro cat\u00e1logo de productos \u00abBackpacks delivery\u00bb. Todos nuestros precios son al detal. Para precios al mayor puedes contactar con nuestro representante de ventas. Gracias por la confianza.<\/p>\n\n\n\n<p><a href=\"https:\/\/creativosbyhand.com\/#cotiza\">\u00a1Cont\u00e1ctanos!<\/a><\/p>\n","protected":false},"excerpt":{"rendered":"<p>\u00a1Gracias por contactarnos! &#8211; En tu correo electr\u00f3nico encontrar\u00e1s nuestro cat\u00e1logo de productos \u00abBackpacks delivery\u00bb. Todos nuestros precios son al detal. Para precios al mayor puedes<span class=\"excerpt-hellip\"> [\u2026]<\/span><\/p>\n","protected":false},"author":1,"featured_media":0,"parent":0,"menu_order":0,"comment_status":"closed","ping_status":"closed","template":"","meta":{"ngg_post_thumbnail":0,"footnotes":""},"aioseo_notices":[],"yoast_head":"<!-- This site is optimized with the Yoast SEO plugin v21.3 - https:\/\/yoast.com\/wordpress\/plugins\/seo\/ -->\n<title>Thank You! - Gracias &#171; Creativos by Hand Choys<\/title>\n<meta name=\"robots\" content=\"index, follow, max-snippet:-1, max-image-preview:large, max-video-preview:-1\" \/>\n<link rel=\"canonical\" href=\"https:\/\/creativosbyhand.com\/index.php\/thank-you\/\" \/>\n<meta property=\"og:locale\" content=\"es_ES\" \/>\n<meta property=\"og:type\" content=\"article\" \/>\n<meta property=\"og:title\" content=\"Thank You! - Gracias &#171; Creativos by Hand Choys\" \/>\n<meta property=\"og:description\" content=\"\u00a1Gracias por contactarnos! &#8211; En tu correo electr\u00f3nico encontrar\u00e1s nuestro cat\u00e1logo de productos \u00abBackpacks delivery\u00bb. Todos nuestros precios son al detal. Para precios al mayor puedes [\u2026]\" \/>\n<meta property=\"og:url\" content=\"https:\/\/creativosbyhand.com\/index.php\/thank-you\/\" \/>\n<meta property=\"og:site_name\" content=\"Creativos by Hand Choys\" \/>\n<meta property=\"article:publisher\" content=\"https:\/\/www.facebook.com\/Creativosbyhand\" \/>\n<meta property=\"article:modified_time\" content=\"2020-09-26T16:03:05+00:00\" \/>\n<meta name=\"twitter:card\" content=\"summary_large_image\" \/>\n<script type=\"application\/ld+json\" class=\"yoast-schema-graph\">{\"@context\":\"https:\/\/schema.org\",\"@graph\":[{\"@type\":\"WebPage\",\"@id\":\"https:\/\/creativosbyhand.com\/index.php\/thank-you\/\",\"url\":\"https:\/\/creativosbyhand.com\/index.php\/thank-you\/\",\"name\":\"Thank You! - Gracias &#171; Creativos by Hand Choys\",\"isPartOf\":{\"@id\":\"https:\/\/creativosbyhand.com\/#website\"},\"datePublished\":\"2020-09-23T00:18:18+00:00\",\"dateModified\":\"2020-09-26T16:03:05+00:00\",\"breadcrumb\":{\"@id\":\"https:\/\/creativosbyhand.com\/index.php\/thank-you\/#breadcrumb\"},\"inLanguage\":\"es\",\"potentialAction\":[{\"@type\":\"ReadAction\",\"target\":[\"https:\/\/creativosbyhand.com\/index.php\/thank-you\/\"]}]},{\"@type\":\"BreadcrumbList\",\"@id\":\"https:\/\/creativosbyhand.com\/index.php\/thank-you\/#breadcrumb\",\"itemListElement\":[{\"@type\":\"ListItem\",\"position\":1,\"name\":\"Portada\",\"item\":\"https:\/\/creativosbyhand.com\/\"},{\"@type\":\"ListItem\",\"position\":2,\"name\":\"Thank You! &#8211; Gracias\"}]},{\"@type\":\"WebSite\",\"@id\":\"https:\/\/creativosbyhand.com\/#website\",\"url\":\"https:\/\/creativosbyhand.com\/\",\"name\":\"Creativos by hand choys\",\"description\":\"Creativos by hand choys - Todo en publicidad\",\"potentialAction\":[{\"@type\":\"SearchAction\",\"target\":{\"@type\":\"EntryPoint\",\"urlTemplate\":\"https:\/\/creativosbyhand.com\/?s={search_term_string}\"},\"query-input\":\"required name=search_term_string\"}],\"inLanguage\":\"es\"}]}<\/script>\n<!-- \/ Yoast SEO plugin. -->","yoast_head_json":{"title":"Thank You! - Gracias &#171; Creativos by Hand Choys","robots":{"index":"index","follow":"follow","max-snippet":"max-snippet:-1","max-image-preview":"max-image-preview:large","max-video-preview":"max-video-preview:-1"},"canonical":"https:\/\/creativosbyhand.com\/index.php\/thank-you\/","og_locale":"es_ES","og_type":"article","og_title":"Thank You! - Gracias &#171; Creativos by Hand Choys","og_description":"\u00a1Gracias por contactarnos! &#8211; En tu correo electr\u00f3nico encontrar\u00e1s nuestro cat\u00e1logo de productos \u00abBackpacks delivery\u00bb. Todos nuestros precios son al detal. Para precios al mayor puedes [\u2026]","og_url":"https:\/\/creativosbyhand.com\/index.php\/thank-you\/","og_site_name":"Creativos by Hand Choys","article_publisher":"https:\/\/www.facebook.com\/Creativosbyhand","article_modified_time":"2020-09-26T16:03:05+00:00","twitter_card":"summary_large_image","schema":{"@context":"https:\/\/schema.org","@graph":[{"@type":"WebPage","@id":"https:\/\/creativosbyhand.com\/index.php\/thank-you\/","url":"https:\/\/creativosbyhand.com\/index.php\/thank-you\/","name":"Thank You! - Gracias &#171; Creativos by Hand Choys","isPartOf":{"@id":"https:\/\/creativosbyhand.com\/#website"},"datePublished":"2020-09-23T00:18:18+00:00","dateModified":"2020-09-26T16:03:05+00:00","breadcrumb":{"@id":"https:\/\/creativosbyhand.com\/index.php\/thank-you\/#breadcrumb"},"inLanguage":"es","potentialAction":[{"@type":"ReadAction","target":["https:\/\/creativosbyhand.com\/index.php\/thank-you\/"]}]},{"@type":"BreadcrumbList","@id":"https:\/\/creativosbyhand.com\/index.php\/thank-you\/#breadcrumb","itemListElement":[{"@type":"ListItem","position":1,"name":"Portada","item":"https:\/\/creativosbyhand.com\/"},{"@type":"ListItem","position":2,"name":"Thank You! &#8211; Gracias"}]},{"@type":"WebSite","@id":"https:\/\/creativosbyhand.com\/#website","url":"https:\/\/creativosbyhand.com\/","name":"Creativos by hand choys","description":"Creativos by hand choys - Todo en publicidad","potentialAction":[{"@type":"SearchAction","target":{"@type":"EntryPoint","urlTemplate":"https:\/\/creativosbyhand.com\/?s={search_term_string}"},"query-input":"required name=search_term_string"}],"inLanguage":"es"}]}},"_links":{"self":[{"href":"https:\/\/creativosbyhand.com\/index.php\/wp-json\/wp\/v2\/pages\/833"}],"collection":[{"href":"https:\/\/creativosbyhand.com\/index.php\/wp-json\/wp\/v2\/pages"}],"about":[{"href":"https:\/\/creativosbyhand.com\/index.php\/wp-json\/wp\/v2\/types\/page"}],"author":[{"embeddable":true,"href":"https:\/\/creativosbyhand.com\/index.php\/wp-json\/wp\/v2\/users\/1"}],"replies":[{"embeddable":true,"href":"https:\/\/creativosbyhand.com\/index.php\/wp-json\/wp\/v2\/comments?post=833"}],"version-history":[{"count":4,"href":"https:\/\/creativosbyhand.com\/index.php\/wp-json\/wp\/v2\/pages\/833\/revisions"}],"predecessor-version":[{"id":849,"href":"https:\/\/creativosbyhand.com\/index.php\/wp-json\/wp\/v2\/pages\/833\/revisions\/849"}],"wp:attachment":[{"href":"https:\/\/creativosbyhand.com\/index.php\/wp-json\/wp\/v2\/media?parent=833"}],"curies":[{"name":"wp","href":"https:\/\/api.w.org\/{rel}","templated":true}]}}