{"id":693,"date":"2020-04-28T18:41:52","date_gmt":"2020-04-28T22:41:52","guid":{"rendered":"https:\/\/creativosbyhand.com\/index.php\/pop-globos\/"},"modified":"2020-04-30T15:12:27","modified_gmt":"2020-04-30T19:12:27","slug":"pop-globos","status":"publish","type":"page","link":"https:\/\/creativosbyhand.com\/index.php\/pop-globos\/","title":{"rendered":"POP &#8211; Globos"},"content":{"rendered":"<!-- default-view.php -->\n<div\n\tclass=\"ngg-galleryoverview default-view  ngg-ajax-pagination-none\"\n\tid=\"ngg-gallery-2fccbf2f6a5073b08a0a3ae499d91d72-1\">\n\n\t\t<!-- Thumbnails -->\n\t\t\t\t<div id=\"ngg-image-0\" class=\"ngg-gallery-thumbnail-box ngg-5-columns\" >\n\t\t\t\t        <div class=\"ngg-gallery-thumbnail\">\n            <a href=\"https:\/\/creativosbyhand.com\/wp-content\/gallery\/pop-globos\/IMG-20190531-WA0003.jpg\"\n               title=\"Impresi\u00f3n en globos publicitarios, podr\u00e1s mostrar tu marca, hacer se\u00f1alizaciones y m\u00e1s con nuestro material publicitario\"\n               data-src=\"https:\/\/creativosbyhand.com\/wp-content\/gallery\/pop-globos\/IMG-20190531-WA0003.jpg\"\n               data-thumbnail=\"https:\/\/creativosbyhand.com\/wp-content\/gallery\/pop-globos\/thumbs\/thumbs_IMG-20190531-WA0003.jpg\"\n               data-image-id=\"50\"\n               data-title=\"Impresi\u00f3n de globos - material pop 1\"\n               data-description=\"Impresi\u00f3n en globos publicitarios, podr\u00e1s mostrar tu marca, hacer se\u00f1alizaciones y m\u00e1s con nuestro material publicitario\"\n               data-image-slug=\"img-20190531-wa0003\"\n               class=\"ngg-simplelightbox\" rel=\"2fccbf2f6a5073b08a0a3ae499d91d72\">\n                <img\n                    title=\"Impresi\u00f3n de globos - material pop 1\"\n                    alt=\"Impresi\u00f3n de globos - material pop 1\"\n                    src=\"https:\/\/creativosbyhand.com\/wp-content\/gallery\/pop-globos\/thumbs\/thumbs_IMG-20190531-WA0003.jpg\"\n                    width=\"240\"\n                    height=\"160\"\n                    style=\"max-width:100%;\"\n                \/>\n            <\/a>\n        <\/div>\n\t\t\t\t\t\t\t<\/div> \n\t\t\t\n\t\t\t\t<div id=\"ngg-image-1\" class=\"ngg-gallery-thumbnail-box ngg-5-columns\" >\n\t\t\t\t        <div class=\"ngg-gallery-thumbnail\">\n            <a href=\"https:\/\/creativosbyhand.com\/wp-content\/gallery\/pop-globos\/IMG-20190531-WA0046.jpg\"\n               title=\"Impresi\u00f3n en globos publicitarios, podr\u00e1s mostrar tu marca, hacer se\u00f1alizaciones y m\u00e1s con nuestro material publicitario\"\n               data-src=\"https:\/\/creativosbyhand.com\/wp-content\/gallery\/pop-globos\/IMG-20190531-WA0046.jpg\"\n               data-thumbnail=\"https:\/\/creativosbyhand.com\/wp-content\/gallery\/pop-globos\/thumbs\/thumbs_IMG-20190531-WA0046.jpg\"\n               data-image-id=\"51\"\n               data-title=\"Impresi\u00f3n de globos - material pop 2\"\n               data-description=\"Impresi\u00f3n en globos publicitarios, podr\u00e1s mostrar tu marca, hacer se\u00f1alizaciones y m\u00e1s con nuestro material publicitario\"\n               data-image-slug=\"img-20190531-wa0046\"\n               class=\"ngg-simplelightbox\" rel=\"2fccbf2f6a5073b08a0a3ae499d91d72\">\n                <img\n                    title=\"Impresi\u00f3n de globos - material pop 2\"\n                    alt=\"Impresi\u00f3n de globos - material pop 2\"\n                    src=\"https:\/\/creativosbyhand.com\/wp-content\/gallery\/pop-globos\/thumbs\/thumbs_IMG-20190531-WA0046.jpg\"\n                    width=\"240\"\n                    height=\"160\"\n                    style=\"max-width:100%;\"\n                \/>\n            <\/a>\n        <\/div>\n\t\t\t\t\t\t\t<\/div> \n\t\t\t\n\t\t\t\t<div id=\"ngg-image-2\" class=\"ngg-gallery-thumbnail-box ngg-5-columns\" >\n\t\t\t\t        <div class=\"ngg-gallery-thumbnail\">\n            <a href=\"https:\/\/creativosbyhand.com\/wp-content\/gallery\/pop-globos\/IMG-20190831-WA0011.jpg\"\n               title=\"Impresi\u00f3n en globos publicitarios, podr\u00e1s mostrar tu marca, hacer se\u00f1alizaciones y m\u00e1s con nuestro material publicitario\"\n               data-src=\"https:\/\/creativosbyhand.com\/wp-content\/gallery\/pop-globos\/IMG-20190831-WA0011.jpg\"\n               data-thumbnail=\"https:\/\/creativosbyhand.com\/wp-content\/gallery\/pop-globos\/thumbs\/thumbs_IMG-20190831-WA0011.jpg\"\n               data-image-id=\"52\"\n               data-title=\"Impresi\u00f3n de globos - material pop 3\"\n               data-description=\"Impresi\u00f3n en globos publicitarios, podr\u00e1s mostrar tu marca, hacer se\u00f1alizaciones y m\u00e1s con nuestro material publicitario\"\n               data-image-slug=\"img-20190831-wa0011\"\n               class=\"ngg-simplelightbox\" rel=\"2fccbf2f6a5073b08a0a3ae499d91d72\">\n                <img\n                    title=\"Impresi\u00f3n de globos - material pop 3\"\n                    alt=\"Impresi\u00f3n de globos - material pop 3\"\n                    src=\"https:\/\/creativosbyhand.com\/wp-content\/gallery\/pop-globos\/thumbs\/thumbs_IMG-20190831-WA0011.jpg\"\n                    width=\"240\"\n                    height=\"160\"\n                    style=\"max-width:100%;\"\n                \/>\n            <\/a>\n        <\/div>\n\t\t\t\t\t\t\t<\/div> \n\t\t\t\n\t\t\t\t<div id=\"ngg-image-3\" class=\"ngg-gallery-thumbnail-box ngg-5-columns\" >\n\t\t\t\t        <div class=\"ngg-gallery-thumbnail\">\n            <a href=\"https:\/\/creativosbyhand.com\/wp-content\/gallery\/pop-globos\/IMG-20190902-WA0013.jpg\"\n               title=\"Impresi\u00f3n en globos publicitarios, podr\u00e1s mostrar tu marca, hacer se\u00f1alizaciones y m\u00e1s con nuestro material publicitario\"\n               data-src=\"https:\/\/creativosbyhand.com\/wp-content\/gallery\/pop-globos\/IMG-20190902-WA0013.jpg\"\n               data-thumbnail=\"https:\/\/creativosbyhand.com\/wp-content\/gallery\/pop-globos\/thumbs\/thumbs_IMG-20190902-WA0013.jpg\"\n               data-image-id=\"53\"\n               data-title=\"Impresi\u00f3n de globos - material pop 4\"\n               data-description=\"Impresi\u00f3n en globos publicitarios, podr\u00e1s mostrar tu marca, hacer se\u00f1alizaciones y m\u00e1s con nuestro material publicitario\"\n               data-image-slug=\"img-20190902-wa0013\"\n               class=\"ngg-simplelightbox\" rel=\"2fccbf2f6a5073b08a0a3ae499d91d72\">\n                <img\n                    title=\"Impresi\u00f3n de globos - material pop 4\"\n                    alt=\"Impresi\u00f3n de globos - material pop 4\"\n                    src=\"https:\/\/creativosbyhand.com\/wp-content\/gallery\/pop-globos\/thumbs\/thumbs_IMG-20190902-WA0013.jpg\"\n                    width=\"240\"\n                    height=\"160\"\n                    style=\"max-width:100%;\"\n                \/>\n            <\/a>\n        <\/div>\n\t\t\t\t\t\t\t<\/div> \n\t\t\t\n\t\n\t<br style=\"clear: both\" \/>\n\n\t\n\t\t<!-- Pagination -->\n\t<div class='ngg-clear'><\/div>\t<\/div>\n\n","protected":false},"excerpt":{"rendered":"","protected":false},"author":1,"featured_media":0,"parent":0,"menu_order":0,"comment_status":"closed","ping_status":"closed","template":"","meta":{"ngg_post_thumbnail":0,"footnotes":""},"aioseo_notices":[],"yoast_head":"<!-- This site is optimized with the Yoast SEO plugin v21.3 - https:\/\/yoast.com\/wordpress\/plugins\/seo\/ -->\n<title>POP - Globos &#171; Creativos by Hand Choys<\/title>\n<meta name=\"robots\" content=\"index, follow, max-snippet:-1, max-image-preview:large, max-video-preview:-1\" \/>\n<link rel=\"canonical\" href=\"https:\/\/creativosbyhand.com\/index.php\/pop-globos\/\" \/>\n<meta property=\"og:locale\" content=\"es_ES\" \/>\n<meta property=\"og:type\" content=\"article\" \/>\n<meta property=\"og:title\" content=\"POP - Globos &#171; Creativos by Hand Choys\" \/>\n<meta property=\"og:url\" content=\"https:\/\/creativosbyhand.com\/index.php\/pop-globos\/\" \/>\n<meta property=\"og:site_name\" content=\"Creativos by Hand Choys\" \/>\n<meta property=\"article:publisher\" content=\"https:\/\/www.facebook.com\/Creativosbyhand\" \/>\n<meta property=\"article:modified_time\" content=\"2020-04-30T19:12:27+00:00\" \/>\n<meta name=\"twitter:card\" content=\"summary_large_image\" \/>\n<script type=\"application\/ld+json\" class=\"yoast-schema-graph\">{\"@context\":\"https:\/\/schema.org\",\"@graph\":[{\"@type\":\"WebPage\",\"@id\":\"https:\/\/creativosbyhand.com\/index.php\/pop-globos\/\",\"url\":\"https:\/\/creativosbyhand.com\/index.php\/pop-globos\/\",\"name\":\"POP - Globos &#171; Creativos by Hand Choys\",\"isPartOf\":{\"@id\":\"https:\/\/creativosbyhand.com\/#website\"},\"datePublished\":\"2020-04-28T22:41:52+00:00\",\"dateModified\":\"2020-04-30T19:12:27+00:00\",\"breadcrumb\":{\"@id\":\"https:\/\/creativosbyhand.com\/index.php\/pop-globos\/#breadcrumb\"},\"inLanguage\":\"es\",\"potentialAction\":[{\"@type\":\"ReadAction\",\"target\":[\"https:\/\/creativosbyhand.com\/index.php\/pop-globos\/\"]}]},{\"@type\":\"BreadcrumbList\",\"@id\":\"https:\/\/creativosbyhand.com\/index.php\/pop-globos\/#breadcrumb\",\"itemListElement\":[{\"@type\":\"ListItem\",\"position\":1,\"name\":\"Portada\",\"item\":\"https:\/\/creativosbyhand.com\/\"},{\"@type\":\"ListItem\",\"position\":2,\"name\":\"POP &#8211; Globos\"}]},{\"@type\":\"WebSite\",\"@id\":\"https:\/\/creativosbyhand.com\/#website\",\"url\":\"https:\/\/creativosbyhand.com\/\",\"name\":\"Creativos by hand choys\",\"description\":\"Creativos by hand choys - Todo en publicidad\",\"potentialAction\":[{\"@type\":\"SearchAction\",\"target\":{\"@type\":\"EntryPoint\",\"urlTemplate\":\"https:\/\/creativosbyhand.com\/?s={search_term_string}\"},\"query-input\":\"required name=search_term_string\"}],\"inLanguage\":\"es\"}]}<\/script>\n<!-- \/ Yoast SEO plugin. -->","yoast_head_json":{"title":"POP - Globos &#171; Creativos by Hand Choys","robots":{"index":"index","follow":"follow","max-snippet":"max-snippet:-1","max-image-preview":"max-image-preview:large","max-video-preview":"max-video-preview:-1"},"canonical":"https:\/\/creativosbyhand.com\/index.php\/pop-globos\/","og_locale":"es_ES","og_type":"article","og_title":"POP - Globos &#171; Creativos by Hand Choys","og_url":"https:\/\/creativosbyhand.com\/index.php\/pop-globos\/","og_site_name":"Creativos by Hand Choys","article_publisher":"https:\/\/www.facebook.com\/Creativosbyhand","article_modified_time":"2020-04-30T19:12:27+00:00","twitter_card":"summary_large_image","schema":{"@context":"https:\/\/schema.org","@graph":[{"@type":"WebPage","@id":"https:\/\/creativosbyhand.com\/index.php\/pop-globos\/","url":"https:\/\/creativosbyhand.com\/index.php\/pop-globos\/","name":"POP - Globos &#171; Creativos by Hand Choys","isPartOf":{"@id":"https:\/\/creativosbyhand.com\/#website"},"datePublished":"2020-04-28T22:41:52+00:00","dateModified":"2020-04-30T19:12:27+00:00","breadcrumb":{"@id":"https:\/\/creativosbyhand.com\/index.php\/pop-globos\/#breadcrumb"},"inLanguage":"es","potentialAction":[{"@type":"ReadAction","target":["https:\/\/creativosbyhand.com\/index.php\/pop-globos\/"]}]},{"@type":"BreadcrumbList","@id":"https:\/\/creativosbyhand.com\/index.php\/pop-globos\/#breadcrumb","itemListElement":[{"@type":"ListItem","position":1,"name":"Portada","item":"https:\/\/creativosbyhand.com\/"},{"@type":"ListItem","position":2,"name":"POP &#8211; Globos"}]},{"@type":"WebSite","@id":"https:\/\/creativosbyhand.com\/#website","url":"https:\/\/creativosbyhand.com\/","name":"Creativos by hand choys","description":"Creativos by hand choys - Todo en publicidad","potentialAction":[{"@type":"SearchAction","target":{"@type":"EntryPoint","urlTemplate":"https:\/\/creativosbyhand.com\/?s={search_term_string}"},"query-input":"required name=search_term_string"}],"inLanguage":"es"}]}},"_links":{"self":[{"href":"https:\/\/creativosbyhand.com\/index.php\/wp-json\/wp\/v2\/pages\/693"}],"collection":[{"href":"https:\/\/creativosbyhand.com\/index.php\/wp-json\/wp\/v2\/pages"}],"about":[{"href":"https:\/\/creativosbyhand.com\/index.php\/wp-json\/wp\/v2\/types\/page"}],"author":[{"embeddable":true,"href":"https:\/\/creativosbyhand.com\/index.php\/wp-json\/wp\/v2\/users\/1"}],"replies":[{"embeddable":true,"href":"https:\/\/creativosbyhand.com\/index.php\/wp-json\/wp\/v2\/comments?post=693"}],"version-history":[{"count":1,"href":"https:\/\/creativosbyhand.com\/index.php\/wp-json\/wp\/v2\/pages\/693\/revisions"}],"predecessor-version":[{"id":706,"href":"https:\/\/creativosbyhand.com\/index.php\/wp-json\/wp\/v2\/pages\/693\/revisions\/706"}],"wp:attachment":[{"href":"https:\/\/creativosbyhand.com\/index.php\/wp-json\/wp\/v2\/media?parent=693"}],"curies":[{"name":"wp","href":"https:\/\/api.w.org\/{rel}","templated":true}]}}