{"id":481,"date":"2020-04-27T15:49:30","date_gmt":"2020-04-27T19:49:30","guid":{"rendered":"https:\/\/creativosbyhand.com\/index.php\/disfraces-inflables\/"},"modified":"2020-04-28T01:52:22","modified_gmt":"2020-04-28T05:52:22","slug":"disfraces-inflables","status":"publish","type":"page","link":"https:\/\/creativosbyhand.com\/index.php\/disfraces-inflables\/","title":{"rendered":"Disfraces inflables"},"content":{"rendered":"<!-- default-view.php -->\n<div\n\tclass=\"ngg-galleryoverview default-view  ngg-ajax-pagination-none\"\n\tid=\"ngg-gallery-238dec9251f55de4aeb08dc403e2e57e-1\">\n\n\t\t<!-- Thumbnails -->\n\t\t\t\t<div id=\"ngg-image-0\" class=\"ngg-gallery-thumbnail-box ngg-5-columns\" >\n\t\t\t\t        <div class=\"ngg-gallery-thumbnail\">\n            <a href=\"https:\/\/creativosbyhand.com\/wp-content\/gallery\/disfraces-inflables\/20190930_084513.jpg\"\n               title=\"\"\n               data-src=\"https:\/\/creativosbyhand.com\/wp-content\/gallery\/disfraces-inflables\/20190930_084513.jpg\"\n               data-thumbnail=\"https:\/\/creativosbyhand.com\/wp-content\/gallery\/disfraces-inflables\/thumbs\/thumbs_20190930_084513.jpg\"\n               data-image-id=\"11\"\n               data-title=\"Disfraces - trajes habitables inflables personalizados\"\n               data-description=\"\"\n               data-image-slug=\"20190930_084513\"\n               class=\"ngg-simplelightbox\" rel=\"238dec9251f55de4aeb08dc403e2e57e\">\n                <img\n                    title=\"Disfraces - trajes habitables inflables personalizados\"\n                    alt=\"Disfraces - trajes habitables inflables personalizados\"\n                    src=\"https:\/\/creativosbyhand.com\/wp-content\/gallery\/disfraces-inflables\/thumbs\/thumbs_20190930_084513.jpg\"\n                    width=\"240\"\n                    height=\"160\"\n                    style=\"max-width:100%;\"\n                \/>\n            <\/a>\n        <\/div>\n\t\t\t\t\t\t\t<\/div> \n\t\t\t\n\t\t\t\t<div id=\"ngg-image-1\" class=\"ngg-gallery-thumbnail-box ngg-5-columns\" >\n\t\t\t\t        <div class=\"ngg-gallery-thumbnail\">\n            <a href=\"https:\/\/creativosbyhand.com\/wp-content\/gallery\/disfraces-inflables\/20200309_133434.jpg\"\n               title=\"\"\n               data-src=\"https:\/\/creativosbyhand.com\/wp-content\/gallery\/disfraces-inflables\/20200309_133434.jpg\"\n               data-thumbnail=\"https:\/\/creativosbyhand.com\/wp-content\/gallery\/disfraces-inflables\/thumbs\/thumbs_20200309_133434.jpg\"\n               data-image-id=\"12\"\n               data-title=\"Disfraces - trajes habitables inflables personalizados\"\n               data-description=\"\"\n               data-image-slug=\"20200309_133434\"\n               class=\"ngg-simplelightbox\" rel=\"238dec9251f55de4aeb08dc403e2e57e\">\n                <img\n                    title=\"Disfraces - trajes habitables inflables personalizados\"\n                    alt=\"Disfraces - trajes habitables inflables personalizados\"\n                    src=\"https:\/\/creativosbyhand.com\/wp-content\/gallery\/disfraces-inflables\/thumbs\/thumbs_20200309_133434.jpg\"\n                    width=\"240\"\n                    height=\"160\"\n                    style=\"max-width:100%;\"\n                \/>\n            <\/a>\n        <\/div>\n\t\t\t\t\t\t\t<\/div> \n\t\t\t\n\t\t\t\t<div id=\"ngg-image-2\" class=\"ngg-gallery-thumbnail-box ngg-5-columns\" >\n\t\t\t\t        <div class=\"ngg-gallery-thumbnail\">\n            <a href=\"https:\/\/creativosbyhand.com\/wp-content\/gallery\/disfraces-inflables\/IMG-20190814-WA0036-1.jpg\"\n               title=\"\"\n               data-src=\"https:\/\/creativosbyhand.com\/wp-content\/gallery\/disfraces-inflables\/IMG-20190814-WA0036-1.jpg\"\n               data-thumbnail=\"https:\/\/creativosbyhand.com\/wp-content\/gallery\/disfraces-inflables\/thumbs\/thumbs_IMG-20190814-WA0036-1.jpg\"\n               data-image-id=\"13\"\n               data-title=\"Disfraces - trajes habitables inflables personalizados\"\n               data-description=\"\"\n               data-image-slug=\"img-20190814-wa0036-1\"\n               class=\"ngg-simplelightbox\" rel=\"238dec9251f55de4aeb08dc403e2e57e\">\n                <img\n                    title=\"Disfraces - trajes habitables inflables personalizados\"\n                    alt=\"Disfraces - trajes habitables inflables personalizados\"\n                    src=\"https:\/\/creativosbyhand.com\/wp-content\/gallery\/disfraces-inflables\/thumbs\/thumbs_IMG-20190814-WA0036-1.jpg\"\n                    width=\"240\"\n                    height=\"160\"\n                    style=\"max-width:100%;\"\n                \/>\n            <\/a>\n        <\/div>\n\t\t\t\t\t\t\t<\/div> \n\t\t\t\n\t\t\t\t<div id=\"ngg-image-3\" class=\"ngg-gallery-thumbnail-box ngg-5-columns\" >\n\t\t\t\t        <div class=\"ngg-gallery-thumbnail\">\n            <a href=\"https:\/\/creativosbyhand.com\/wp-content\/gallery\/disfraces-inflables\/IMG-20190814-WA0037.jpg\"\n               title=\"\"\n               data-src=\"https:\/\/creativosbyhand.com\/wp-content\/gallery\/disfraces-inflables\/IMG-20190814-WA0037.jpg\"\n               data-thumbnail=\"https:\/\/creativosbyhand.com\/wp-content\/gallery\/disfraces-inflables\/thumbs\/thumbs_IMG-20190814-WA0037.jpg\"\n               data-image-id=\"14\"\n               data-title=\"Disfraces - trajes habitables inflables personalizados\"\n               data-description=\"\"\n               data-image-slug=\"img-20190814-wa0037\"\n               class=\"ngg-simplelightbox\" rel=\"238dec9251f55de4aeb08dc403e2e57e\">\n                <img\n                    title=\"Disfraces - trajes habitables inflables personalizados\"\n                    alt=\"Disfraces - trajes habitables inflables personalizados\"\n                    src=\"https:\/\/creativosbyhand.com\/wp-content\/gallery\/disfraces-inflables\/thumbs\/thumbs_IMG-20190814-WA0037.jpg\"\n                    width=\"240\"\n                    height=\"160\"\n                    style=\"max-width:100%;\"\n                \/>\n            <\/a>\n        <\/div>\n\t\t\t\t\t\t\t<\/div> \n\t\t\t\n\t\t\t\t<div id=\"ngg-image-4\" class=\"ngg-gallery-thumbnail-box ngg-5-columns\" >\n\t\t\t\t        <div class=\"ngg-gallery-thumbnail\">\n            <a href=\"https:\/\/creativosbyhand.com\/wp-content\/gallery\/disfraces-inflables\/IMG-20190814-WA0038-1.jpg\"\n               title=\"\"\n               data-src=\"https:\/\/creativosbyhand.com\/wp-content\/gallery\/disfraces-inflables\/IMG-20190814-WA0038-1.jpg\"\n               data-thumbnail=\"https:\/\/creativosbyhand.com\/wp-content\/gallery\/disfraces-inflables\/thumbs\/thumbs_IMG-20190814-WA0038-1.jpg\"\n               data-image-id=\"15\"\n               data-title=\"Disfraces - trajes habitables inflables personalizados\"\n               data-description=\"\"\n               data-image-slug=\"img-20190814-wa0038-1\"\n               class=\"ngg-simplelightbox\" rel=\"238dec9251f55de4aeb08dc403e2e57e\">\n                <img\n                    title=\"Disfraces - trajes habitables inflables personalizados\"\n                    alt=\"Disfraces - trajes habitables inflables personalizados\"\n                    src=\"https:\/\/creativosbyhand.com\/wp-content\/gallery\/disfraces-inflables\/thumbs\/thumbs_IMG-20190814-WA0038-1.jpg\"\n                    width=\"240\"\n                    height=\"160\"\n                    style=\"max-width:100%;\"\n                \/>\n            <\/a>\n        <\/div>\n\t\t\t\t\t\t\t<\/div> \n\t\t\t\n\t\t\t\t<div id=\"ngg-image-5\" class=\"ngg-gallery-thumbnail-box ngg-5-columns\" >\n\t\t\t\t        <div class=\"ngg-gallery-thumbnail\">\n            <a href=\"https:\/\/creativosbyhand.com\/wp-content\/gallery\/disfraces-inflables\/IMG-20190814-WA0044.jpg\"\n               title=\"\"\n               data-src=\"https:\/\/creativosbyhand.com\/wp-content\/gallery\/disfraces-inflables\/IMG-20190814-WA0044.jpg\"\n               data-thumbnail=\"https:\/\/creativosbyhand.com\/wp-content\/gallery\/disfraces-inflables\/thumbs\/thumbs_IMG-20190814-WA0044.jpg\"\n               data-image-id=\"16\"\n               data-title=\"Disfraces - trajes habitables inflables personalizados\"\n               data-description=\"\"\n               data-image-slug=\"img-20190814-wa0044\"\n               class=\"ngg-simplelightbox\" rel=\"238dec9251f55de4aeb08dc403e2e57e\">\n                <img\n                    title=\"Disfraces - trajes habitables inflables personalizados\"\n                    alt=\"Disfraces - trajes habitables inflables personalizados\"\n                    src=\"https:\/\/creativosbyhand.com\/wp-content\/gallery\/disfraces-inflables\/thumbs\/thumbs_IMG-20190814-WA0044.jpg\"\n                    width=\"240\"\n                    height=\"160\"\n                    style=\"max-width:100%;\"\n                \/>\n            <\/a>\n        <\/div>\n\t\t\t\t\t\t\t<\/div> \n\t\t\t\n\t\n\t<br style=\"clear: both\" \/>\n\n\t\n\t\t<!-- Pagination -->\n\t<div class='ngg-clear'><\/div>\t<\/div>\n\n\n\n<h1 class=\"wp-block-heading\">Disfraces inflables<\/h1>\n\n\n\n<p>Podr\u00e1s mostrar un personaje y animar tus eventos, productos, servicios y as\u00ed conectar con tu publico. Internamente el operador del inflable estar\u00e1 muy c\u00f3modo.<\/p>\n","protected":false},"excerpt":{"rendered":"<p>Disfraces inflables Podr\u00e1s mostrar un personaje y animar tus eventos, productos, servicios y as\u00ed conectar con tu publico. Internamente el operador del inflable estar\u00e1 muy c\u00f3modo.<\/p>\n","protected":false},"author":1,"featured_media":0,"parent":0,"menu_order":0,"comment_status":"closed","ping_status":"closed","template":"","meta":{"ngg_post_thumbnail":0,"footnotes":""},"aioseo_notices":[],"yoast_head":"<!-- This site is optimized with the Yoast SEO plugin v21.3 - https:\/\/yoast.com\/wordpress\/plugins\/seo\/ -->\n<title>Disfraces inflables &#171; Creativos by Hand Choys<\/title>\n<meta name=\"description\" content=\"Podr\u00e1s mostrar un personaje y animar tus eventos, productos, servicios y as\u00ed conectar con tu publico. Internamente el operador del inflable...\" \/>\n<meta name=\"robots\" content=\"index, follow, max-snippet:-1, max-image-preview:large, max-video-preview:-1\" \/>\n<link rel=\"canonical\" href=\"https:\/\/creativosbyhand.com\/index.php\/disfraces-inflables\/\" \/>\n<meta property=\"og:locale\" content=\"es_ES\" \/>\n<meta property=\"og:type\" content=\"article\" \/>\n<meta property=\"og:title\" content=\"Disfraces inflables &#171; Creativos by Hand Choys\" \/>\n<meta property=\"og:description\" content=\"Podr\u00e1s mostrar un personaje y animar tus eventos, productos, servicios y as\u00ed conectar con tu publico. Internamente el operador del inflable...\" \/>\n<meta property=\"og:url\" content=\"https:\/\/creativosbyhand.com\/index.php\/disfraces-inflables\/\" \/>\n<meta property=\"og:site_name\" content=\"Creativos by Hand Choys\" \/>\n<meta property=\"article:publisher\" content=\"https:\/\/www.facebook.com\/Creativosbyhand\" \/>\n<meta property=\"article:modified_time\" content=\"2020-04-28T05:52:22+00:00\" \/>\n<meta name=\"twitter:card\" content=\"summary_large_image\" \/>\n<script type=\"application\/ld+json\" class=\"yoast-schema-graph\">{\"@context\":\"https:\/\/schema.org\",\"@graph\":[{\"@type\":\"WebPage\",\"@id\":\"https:\/\/creativosbyhand.com\/index.php\/disfraces-inflables\/\",\"url\":\"https:\/\/creativosbyhand.com\/index.php\/disfraces-inflables\/\",\"name\":\"Disfraces inflables &#171; Creativos by Hand Choys\",\"isPartOf\":{\"@id\":\"https:\/\/creativosbyhand.com\/#website\"},\"datePublished\":\"2020-04-27T19:49:30+00:00\",\"dateModified\":\"2020-04-28T05:52:22+00:00\",\"description\":\"Podr\u00e1s mostrar un personaje y animar tus eventos, productos, servicios y as\u00ed conectar con tu publico. Internamente el operador del inflable...\",\"breadcrumb\":{\"@id\":\"https:\/\/creativosbyhand.com\/index.php\/disfraces-inflables\/#breadcrumb\"},\"inLanguage\":\"es\",\"potentialAction\":[{\"@type\":\"ReadAction\",\"target\":[\"https:\/\/creativosbyhand.com\/index.php\/disfraces-inflables\/\"]}]},{\"@type\":\"BreadcrumbList\",\"@id\":\"https:\/\/creativosbyhand.com\/index.php\/disfraces-inflables\/#breadcrumb\",\"itemListElement\":[{\"@type\":\"ListItem\",\"position\":1,\"name\":\"Portada\",\"item\":\"https:\/\/creativosbyhand.com\/\"},{\"@type\":\"ListItem\",\"position\":2,\"name\":\"Disfraces inflables\"}]},{\"@type\":\"WebSite\",\"@id\":\"https:\/\/creativosbyhand.com\/#website\",\"url\":\"https:\/\/creativosbyhand.com\/\",\"name\":\"Creativos by hand choys\",\"description\":\"Creativos by hand choys - Todo en publicidad\",\"potentialAction\":[{\"@type\":\"SearchAction\",\"target\":{\"@type\":\"EntryPoint\",\"urlTemplate\":\"https:\/\/creativosbyhand.com\/?s={search_term_string}\"},\"query-input\":\"required name=search_term_string\"}],\"inLanguage\":\"es\"}]}<\/script>\n<!-- \/ Yoast SEO plugin. -->","yoast_head_json":{"title":"Disfraces inflables &#171; Creativos by Hand Choys","description":"Podr\u00e1s mostrar un personaje y animar tus eventos, productos, servicios y as\u00ed conectar con tu publico. Internamente el operador del inflable...","robots":{"index":"index","follow":"follow","max-snippet":"max-snippet:-1","max-image-preview":"max-image-preview:large","max-video-preview":"max-video-preview:-1"},"canonical":"https:\/\/creativosbyhand.com\/index.php\/disfraces-inflables\/","og_locale":"es_ES","og_type":"article","og_title":"Disfraces inflables &#171; Creativos by Hand Choys","og_description":"Podr\u00e1s mostrar un personaje y animar tus eventos, productos, servicios y as\u00ed conectar con tu publico. Internamente el operador del inflable...","og_url":"https:\/\/creativosbyhand.com\/index.php\/disfraces-inflables\/","og_site_name":"Creativos by Hand Choys","article_publisher":"https:\/\/www.facebook.com\/Creativosbyhand","article_modified_time":"2020-04-28T05:52:22+00:00","twitter_card":"summary_large_image","schema":{"@context":"https:\/\/schema.org","@graph":[{"@type":"WebPage","@id":"https:\/\/creativosbyhand.com\/index.php\/disfraces-inflables\/","url":"https:\/\/creativosbyhand.com\/index.php\/disfraces-inflables\/","name":"Disfraces inflables &#171; Creativos by Hand Choys","isPartOf":{"@id":"https:\/\/creativosbyhand.com\/#website"},"datePublished":"2020-04-27T19:49:30+00:00","dateModified":"2020-04-28T05:52:22+00:00","description":"Podr\u00e1s mostrar un personaje y animar tus eventos, productos, servicios y as\u00ed conectar con tu publico. Internamente el operador del inflable...","breadcrumb":{"@id":"https:\/\/creativosbyhand.com\/index.php\/disfraces-inflables\/#breadcrumb"},"inLanguage":"es","potentialAction":[{"@type":"ReadAction","target":["https:\/\/creativosbyhand.com\/index.php\/disfraces-inflables\/"]}]},{"@type":"BreadcrumbList","@id":"https:\/\/creativosbyhand.com\/index.php\/disfraces-inflables\/#breadcrumb","itemListElement":[{"@type":"ListItem","position":1,"name":"Portada","item":"https:\/\/creativosbyhand.com\/"},{"@type":"ListItem","position":2,"name":"Disfraces inflables"}]},{"@type":"WebSite","@id":"https:\/\/creativosbyhand.com\/#website","url":"https:\/\/creativosbyhand.com\/","name":"Creativos by hand choys","description":"Creativos by hand choys - Todo en publicidad","potentialAction":[{"@type":"SearchAction","target":{"@type":"EntryPoint","urlTemplate":"https:\/\/creativosbyhand.com\/?s={search_term_string}"},"query-input":"required name=search_term_string"}],"inLanguage":"es"}]}},"_links":{"self":[{"href":"https:\/\/creativosbyhand.com\/index.php\/wp-json\/wp\/v2\/pages\/481"}],"collection":[{"href":"https:\/\/creativosbyhand.com\/index.php\/wp-json\/wp\/v2\/pages"}],"about":[{"href":"https:\/\/creativosbyhand.com\/index.php\/wp-json\/wp\/v2\/types\/page"}],"author":[{"embeddable":true,"href":"https:\/\/creativosbyhand.com\/index.php\/wp-json\/wp\/v2\/users\/1"}],"replies":[{"embeddable":true,"href":"https:\/\/creativosbyhand.com\/index.php\/wp-json\/wp\/v2\/comments?post=481"}],"version-history":[{"count":2,"href":"https:\/\/creativosbyhand.com\/index.php\/wp-json\/wp\/v2\/pages\/481\/revisions"}],"predecessor-version":[{"id":582,"href":"https:\/\/creativosbyhand.com\/index.php\/wp-json\/wp\/v2\/pages\/481\/revisions\/582"}],"wp:attachment":[{"href":"https:\/\/creativosbyhand.com\/index.php\/wp-json\/wp\/v2\/media?parent=481"}],"curies":[{"name":"wp","href":"https:\/\/api.w.org\/{rel}","templated":true}]}}