{"id":475,"date":"2020-04-27T15:45:04","date_gmt":"2020-04-27T19:45:04","guid":{"rendered":"https:\/\/creativosbyhand.com\/index.php\/booth-de-atencion\/"},"modified":"2020-04-28T01:46:06","modified_gmt":"2020-04-28T05:46:06","slug":"booth-de-atencion","status":"publish","type":"page","link":"https:\/\/creativosbyhand.com\/index.php\/booth-de-atencion\/","title":{"rendered":"Booth de atenci\u00f3n &#8211; Mostrador promocional"},"content":{"rendered":"<!-- default-view.php -->\n<div\n\tclass=\"ngg-galleryoverview default-view  ngg-ajax-pagination-none\"\n\tid=\"ngg-gallery-114725691bc398dfb898f1d9b5815296-1\">\n\n\t\t<!-- Thumbnails -->\n\t\t\t\t<div id=\"ngg-image-0\" class=\"ngg-gallery-thumbnail-box ngg-5-columns\" >\n\t\t\t\t        <div class=\"ngg-gallery-thumbnail\">\n            <a href=\"https:\/\/creativosbyhand.com\/wp-content\/gallery\/booth-de-atencion\/20170715_180401.jpg\"\n               title=\"Counter booth atenci\u00f3n al cliente para ferias y eventos comerciales\"\n               data-src=\"https:\/\/creativosbyhand.com\/wp-content\/gallery\/booth-de-atencion\/20170715_180401.jpg\"\n               data-thumbnail=\"https:\/\/creativosbyhand.com\/wp-content\/gallery\/booth-de-atencion\/thumbs\/thumbs_20170715_180401.jpg\"\n               data-image-id=\"7\"\n               data-title=\"Booth de atenci\u00f3n al cliente 1\"\n               data-description=\"Counter booth atenci\u00f3n al cliente para ferias y eventos comerciales\"\n               data-image-slug=\"20170715_180401\"\n               class=\"ngg-simplelightbox\" rel=\"114725691bc398dfb898f1d9b5815296\">\n                <img\n                    title=\"Booth de atenci\u00f3n al cliente 1\"\n                    alt=\"Booth de atenci\u00f3n al cliente 1\"\n                    src=\"https:\/\/creativosbyhand.com\/wp-content\/gallery\/booth-de-atencion\/thumbs\/thumbs_20170715_180401.jpg\"\n                    width=\"240\"\n                    height=\"160\"\n                    style=\"max-width:100%;\"\n                \/>\n            <\/a>\n        <\/div>\n\t\t\t\t\t\t\t<\/div> \n\t\t\t\n\t\t\t\t<div id=\"ngg-image-1\" class=\"ngg-gallery-thumbnail-box ngg-5-columns\" >\n\t\t\t\t        <div class=\"ngg-gallery-thumbnail\">\n            <a href=\"https:\/\/creativosbyhand.com\/wp-content\/gallery\/booth-de-atencion\/e2fe9dc8-737a-49c9-b647-629c19148f3c.JPG\"\n               title=\"Counter booth atenci\u00f3n al cliente para ferias y eventos comerciales\"\n               data-src=\"https:\/\/creativosbyhand.com\/wp-content\/gallery\/booth-de-atencion\/e2fe9dc8-737a-49c9-b647-629c19148f3c.JPG\"\n               data-thumbnail=\"https:\/\/creativosbyhand.com\/wp-content\/gallery\/booth-de-atencion\/thumbs\/thumbs_e2fe9dc8-737a-49c9-b647-629c19148f3c.JPG\"\n               data-image-id=\"8\"\n               data-title=\"Booth de atenci\u00f3n al cliente 2\"\n               data-description=\"Counter booth atenci\u00f3n al cliente para ferias y eventos comerciales\"\n               data-image-slug=\"e2fe9dc8-737a-49c9-b647-629c19148f3c\"\n               class=\"ngg-simplelightbox\" rel=\"114725691bc398dfb898f1d9b5815296\">\n                <img\n                    title=\"Booth de atenci\u00f3n al cliente 2\"\n                    alt=\"Booth de atenci\u00f3n al cliente 2\"\n                    src=\"https:\/\/creativosbyhand.com\/wp-content\/gallery\/booth-de-atencion\/thumbs\/thumbs_e2fe9dc8-737a-49c9-b647-629c19148f3c.JPG\"\n                    width=\"240\"\n                    height=\"160\"\n                    style=\"max-width:100%;\"\n                \/>\n            <\/a>\n        <\/div>\n\t\t\t\t\t\t\t<\/div> \n\t\t\t\n\t\t\t\t<div id=\"ngg-image-2\" class=\"ngg-gallery-thumbnail-box ngg-5-columns\" >\n\t\t\t\t        <div class=\"ngg-gallery-thumbnail\">\n            <a href=\"https:\/\/creativosbyhand.com\/wp-content\/gallery\/booth-de-atencion\/IMG-4926.jpg\"\n               title=\"Counter booth atenci\u00f3n al cliente para ferias y eventos comerciales\"\n               data-src=\"https:\/\/creativosbyhand.com\/wp-content\/gallery\/booth-de-atencion\/IMG-4926.jpg\"\n               data-thumbnail=\"https:\/\/creativosbyhand.com\/wp-content\/gallery\/booth-de-atencion\/thumbs\/thumbs_IMG-4926.jpg\"\n               data-image-id=\"9\"\n               data-title=\"Booth de atenci\u00f3n al cliente 3\"\n               data-description=\"Counter booth atenci\u00f3n al cliente para ferias y eventos comerciales\"\n               data-image-slug=\"img-4926\"\n               class=\"ngg-simplelightbox\" rel=\"114725691bc398dfb898f1d9b5815296\">\n                <img\n                    title=\"Booth de atenci\u00f3n al cliente 3\"\n                    alt=\"Booth de atenci\u00f3n al cliente 3\"\n                    src=\"https:\/\/creativosbyhand.com\/wp-content\/gallery\/booth-de-atencion\/thumbs\/thumbs_IMG-4926.jpg\"\n                    width=\"240\"\n                    height=\"160\"\n                    style=\"max-width:100%;\"\n                \/>\n            <\/a>\n        <\/div>\n\t\t\t\t\t\t\t<\/div> \n\t\t\t\n\t\t\t\t<div id=\"ngg-image-3\" class=\"ngg-gallery-thumbnail-box ngg-5-columns\" >\n\t\t\t\t        <div class=\"ngg-gallery-thumbnail\">\n            <a href=\"https:\/\/creativosbyhand.com\/wp-content\/gallery\/booth-de-atencion\/IMG-20170714-WA0101.jpg\"\n               title=\"Counter booth atenci\u00f3n al cliente para ferias y eventos comerciales\"\n               data-src=\"https:\/\/creativosbyhand.com\/wp-content\/gallery\/booth-de-atencion\/IMG-20170714-WA0101.jpg\"\n               data-thumbnail=\"https:\/\/creativosbyhand.com\/wp-content\/gallery\/booth-de-atencion\/thumbs\/thumbs_IMG-20170714-WA0101.jpg\"\n               data-image-id=\"10\"\n               data-title=\"Booth de atenci\u00f3n al cliente 4\"\n               data-description=\"Counter booth atenci\u00f3n al cliente para ferias y eventos comerciales\"\n               data-image-slug=\"img-20170714-wa0101\"\n               class=\"ngg-simplelightbox\" rel=\"114725691bc398dfb898f1d9b5815296\">\n                <img\n                    title=\"Booth de atenci\u00f3n al cliente 4\"\n                    alt=\"Booth de atenci\u00f3n al cliente 4\"\n                    src=\"https:\/\/creativosbyhand.com\/wp-content\/gallery\/booth-de-atencion\/thumbs\/thumbs_IMG-20170714-WA0101.jpg\"\n                    width=\"240\"\n                    height=\"160\"\n                    style=\"max-width:100%;\"\n                \/>\n            <\/a>\n        <\/div>\n\t\t\t\t\t\t\t<\/div> \n\t\t\t\n\t\n\t<br style=\"clear: both\" \/>\n\n\t\n\t\t<!-- Pagination -->\n\t<div class='ngg-clear'><\/div>\t<\/div>\n\n<p>\u00a0<\/p>\n<p>\u00a0<\/p>\n\n\n<p>Te ofrecemos una estructura pl\u00e1stica, te ayudar\u00e1 a promocionar tu marca en eventos y ferias, podr\u00e1s personalizar completamente con tus marcas, promociones, servicios y\/o productos, podr\u00e1s variar tu booth con diferente publicidad dependiendo de cada uso. <\/p>\n\n\n\n<p><\/p>\n","protected":false},"excerpt":{"rendered":"<p>\u00a0 \u00a0 Te ofrecemos una estructura pl\u00e1stica, te ayudar\u00e1 a promocionar tu marca en eventos y ferias, podr\u00e1s personalizar completamente con tus marcas, promociones, servicios y\/o<span class=\"excerpt-hellip\"> [\u2026]<\/span><\/p>\n","protected":false},"author":1,"featured_media":0,"parent":0,"menu_order":0,"comment_status":"closed","ping_status":"closed","template":"","meta":{"ngg_post_thumbnail":0,"footnotes":""},"aioseo_notices":[],"yoast_head":"<!-- This site is optimized with the Yoast SEO plugin v21.3 - https:\/\/yoast.com\/wordpress\/plugins\/seo\/ -->\n<title>Booth de atenci\u00f3n - Mostrador promocional &#171; Creativos by Hand Choys<\/title>\n<meta name=\"description\" content=\"te ayudar\u00e1 a promocionar tu marca en eventos y ferias, podr\u00e1s personalizar completamente con tus marcas, promociones, servicios y\/o productos\" \/>\n<meta name=\"robots\" content=\"index, follow, max-snippet:-1, max-image-preview:large, max-video-preview:-1\" \/>\n<link rel=\"canonical\" href=\"https:\/\/creativosbyhand.com\/index.php\/booth-de-atencion\/\" \/>\n<meta property=\"og:locale\" content=\"es_ES\" \/>\n<meta property=\"og:type\" content=\"article\" \/>\n<meta property=\"og:title\" content=\"Booth de atenci\u00f3n - Mostrador promocional &#171; Creativos by Hand Choys\" \/>\n<meta property=\"og:description\" content=\"te ayudar\u00e1 a promocionar tu marca en eventos y ferias, podr\u00e1s personalizar completamente con tus marcas, promociones, servicios y\/o productos\" \/>\n<meta property=\"og:url\" content=\"https:\/\/creativosbyhand.com\/index.php\/booth-de-atencion\/\" \/>\n<meta property=\"og:site_name\" content=\"Creativos by Hand Choys\" \/>\n<meta property=\"article:publisher\" content=\"https:\/\/www.facebook.com\/Creativosbyhand\" \/>\n<meta property=\"article:modified_time\" content=\"2020-04-28T05:46:06+00:00\" \/>\n<meta name=\"twitter:card\" content=\"summary_large_image\" \/>\n<script type=\"application\/ld+json\" class=\"yoast-schema-graph\">{\"@context\":\"https:\/\/schema.org\",\"@graph\":[{\"@type\":\"WebPage\",\"@id\":\"https:\/\/creativosbyhand.com\/index.php\/booth-de-atencion\/\",\"url\":\"https:\/\/creativosbyhand.com\/index.php\/booth-de-atencion\/\",\"name\":\"Booth de atenci\u00f3n - Mostrador promocional &#171; Creativos by Hand Choys\",\"isPartOf\":{\"@id\":\"https:\/\/creativosbyhand.com\/#website\"},\"datePublished\":\"2020-04-27T19:45:04+00:00\",\"dateModified\":\"2020-04-28T05:46:06+00:00\",\"description\":\"te ayudar\u00e1 a promocionar tu marca en eventos y ferias, podr\u00e1s personalizar completamente con tus marcas, promociones, servicios y\/o productos\",\"breadcrumb\":{\"@id\":\"https:\/\/creativosbyhand.com\/index.php\/booth-de-atencion\/#breadcrumb\"},\"inLanguage\":\"es\",\"potentialAction\":[{\"@type\":\"ReadAction\",\"target\":[\"https:\/\/creativosbyhand.com\/index.php\/booth-de-atencion\/\"]}]},{\"@type\":\"BreadcrumbList\",\"@id\":\"https:\/\/creativosbyhand.com\/index.php\/booth-de-atencion\/#breadcrumb\",\"itemListElement\":[{\"@type\":\"ListItem\",\"position\":1,\"name\":\"Portada\",\"item\":\"https:\/\/creativosbyhand.com\/\"},{\"@type\":\"ListItem\",\"position\":2,\"name\":\"Booth de atenci\u00f3n &#8211; Mostrador promocional\"}]},{\"@type\":\"WebSite\",\"@id\":\"https:\/\/creativosbyhand.com\/#website\",\"url\":\"https:\/\/creativosbyhand.com\/\",\"name\":\"Creativos by hand choys\",\"description\":\"Creativos by hand choys - Todo en publicidad\",\"potentialAction\":[{\"@type\":\"SearchAction\",\"target\":{\"@type\":\"EntryPoint\",\"urlTemplate\":\"https:\/\/creativosbyhand.com\/?s={search_term_string}\"},\"query-input\":\"required name=search_term_string\"}],\"inLanguage\":\"es\"}]}<\/script>\n<!-- \/ Yoast SEO plugin. -->","yoast_head_json":{"title":"Booth de atenci\u00f3n - Mostrador promocional &#171; Creativos by Hand Choys","description":"te ayudar\u00e1 a promocionar tu marca en eventos y ferias, podr\u00e1s personalizar completamente con tus marcas, promociones, servicios y\/o productos","robots":{"index":"index","follow":"follow","max-snippet":"max-snippet:-1","max-image-preview":"max-image-preview:large","max-video-preview":"max-video-preview:-1"},"canonical":"https:\/\/creativosbyhand.com\/index.php\/booth-de-atencion\/","og_locale":"es_ES","og_type":"article","og_title":"Booth de atenci\u00f3n - Mostrador promocional &#171; Creativos by Hand Choys","og_description":"te ayudar\u00e1 a promocionar tu marca en eventos y ferias, podr\u00e1s personalizar completamente con tus marcas, promociones, servicios y\/o productos","og_url":"https:\/\/creativosbyhand.com\/index.php\/booth-de-atencion\/","og_site_name":"Creativos by Hand Choys","article_publisher":"https:\/\/www.facebook.com\/Creativosbyhand","article_modified_time":"2020-04-28T05:46:06+00:00","twitter_card":"summary_large_image","schema":{"@context":"https:\/\/schema.org","@graph":[{"@type":"WebPage","@id":"https:\/\/creativosbyhand.com\/index.php\/booth-de-atencion\/","url":"https:\/\/creativosbyhand.com\/index.php\/booth-de-atencion\/","name":"Booth de atenci\u00f3n - Mostrador promocional &#171; Creativos by Hand Choys","isPartOf":{"@id":"https:\/\/creativosbyhand.com\/#website"},"datePublished":"2020-04-27T19:45:04+00:00","dateModified":"2020-04-28T05:46:06+00:00","description":"te ayudar\u00e1 a promocionar tu marca en eventos y ferias, podr\u00e1s personalizar completamente con tus marcas, promociones, servicios y\/o productos","breadcrumb":{"@id":"https:\/\/creativosbyhand.com\/index.php\/booth-de-atencion\/#breadcrumb"},"inLanguage":"es","potentialAction":[{"@type":"ReadAction","target":["https:\/\/creativosbyhand.com\/index.php\/booth-de-atencion\/"]}]},{"@type":"BreadcrumbList","@id":"https:\/\/creativosbyhand.com\/index.php\/booth-de-atencion\/#breadcrumb","itemListElement":[{"@type":"ListItem","position":1,"name":"Portada","item":"https:\/\/creativosbyhand.com\/"},{"@type":"ListItem","position":2,"name":"Booth de atenci\u00f3n &#8211; Mostrador promocional"}]},{"@type":"WebSite","@id":"https:\/\/creativosbyhand.com\/#website","url":"https:\/\/creativosbyhand.com\/","name":"Creativos by hand choys","description":"Creativos by hand choys - Todo en publicidad","potentialAction":[{"@type":"SearchAction","target":{"@type":"EntryPoint","urlTemplate":"https:\/\/creativosbyhand.com\/?s={search_term_string}"},"query-input":"required name=search_term_string"}],"inLanguage":"es"}]}},"_links":{"self":[{"href":"https:\/\/creativosbyhand.com\/index.php\/wp-json\/wp\/v2\/pages\/475"}],"collection":[{"href":"https:\/\/creativosbyhand.com\/index.php\/wp-json\/wp\/v2\/pages"}],"about":[{"href":"https:\/\/creativosbyhand.com\/index.php\/wp-json\/wp\/v2\/types\/page"}],"author":[{"embeddable":true,"href":"https:\/\/creativosbyhand.com\/index.php\/wp-json\/wp\/v2\/users\/1"}],"replies":[{"embeddable":true,"href":"https:\/\/creativosbyhand.com\/index.php\/wp-json\/wp\/v2\/comments?post=475"}],"version-history":[{"count":3,"href":"https:\/\/creativosbyhand.com\/index.php\/wp-json\/wp\/v2\/pages\/475\/revisions"}],"predecessor-version":[{"id":580,"href":"https:\/\/creativosbyhand.com\/index.php\/wp-json\/wp\/v2\/pages\/475\/revisions\/580"}],"wp:attachment":[{"href":"https:\/\/creativosbyhand.com\/index.php\/wp-json\/wp\/v2\/media?parent=475"}],"curies":[{"name":"wp","href":"https:\/\/api.w.org\/{rel}","templated":true}]}}