{"id":235,"date":"2020-04-11T19:18:43","date_gmt":"2020-04-11T23:18:43","guid":{"rendered":"https:\/\/creativosbyhand.com\/?page_id=235"},"modified":"2020-04-12T16:11:27","modified_gmt":"2020-04-12T20:11:27","slug":"covid-19-panama","status":"publish","type":"page","link":"https:\/\/creativosbyhand.com\/index.php\/covid-19-panama\/","title":{"rendered":"Tunel Sanitario"},"content":{"rendered":"<p>Es un inflable impermeable integrado con un sistema de nebulizaci\u00f3n de un liquido desinfectante, podr\u00e1s crear una barrera de protecci\u00f3n adicional.<\/p>\n","protected":false},"excerpt":{"rendered":"<p>Es un inflable impermeable integrado con un sistema de nebulizaci\u00f3n de un liquido desinfectante, podr\u00e1s crear una barrera de protecci\u00f3n adicional.<\/p>\n","protected":false},"author":1,"featured_media":0,"parent":0,"menu_order":0,"comment_status":"closed","ping_status":"closed","template":"","meta":{"ngg_post_thumbnail":0,"footnotes":""},"aioseo_notices":[],"yoast_head":"<!-- This site is optimized with the Yoast SEO plugin v21.3 - https:\/\/yoast.com\/wordpress\/plugins\/seo\/ -->\n<title>Tunel Sanitario &#171; Creativos by Hand Choys<\/title>\n<meta name=\"description\" content=\"covid-19 - Nos unimos al apoyo de las empresas, crear una barrera de desinfecci\u00f3n en tu negocio.\" \/>\n<meta name=\"robots\" content=\"index, follow, max-snippet:-1, max-image-preview:large, max-video-preview:-1\" \/>\n<link rel=\"canonical\" href=\"https:\/\/creativosbyhand.com\/index.php\/covid-19-panama\/\" \/>\n<meta property=\"og:locale\" content=\"es_ES\" \/>\n<meta property=\"og:type\" content=\"article\" \/>\n<meta property=\"og:title\" content=\"Tunel Sanitario &#171; Creativos by Hand Choys\" \/>\n<meta property=\"og:description\" content=\"covid-19 - Nos unimos al apoyo de las empresas, crear una barrera de desinfecci\u00f3n en tu negocio.\" \/>\n<meta property=\"og:url\" content=\"https:\/\/creativosbyhand.com\/index.php\/covid-19-panama\/\" \/>\n<meta property=\"og:site_name\" content=\"Creativos by Hand Choys\" \/>\n<meta property=\"article:publisher\" content=\"https:\/\/www.facebook.com\/Creativosbyhand\" \/>\n<meta property=\"article:modified_time\" content=\"2020-04-12T20:11:27+00:00\" \/>\n<meta name=\"twitter:card\" content=\"summary_large_image\" \/>\n<script type=\"application\/ld+json\" class=\"yoast-schema-graph\">{\"@context\":\"https:\/\/schema.org\",\"@graph\":[{\"@type\":\"WebPage\",\"@id\":\"https:\/\/creativosbyhand.com\/index.php\/covid-19-panama\/\",\"url\":\"https:\/\/creativosbyhand.com\/index.php\/covid-19-panama\/\",\"name\":\"Tunel Sanitario &#171; Creativos by Hand Choys\",\"isPartOf\":{\"@id\":\"https:\/\/creativosbyhand.com\/#website\"},\"datePublished\":\"2020-04-11T23:18:43+00:00\",\"dateModified\":\"2020-04-12T20:11:27+00:00\",\"description\":\"covid-19 - Nos unimos al apoyo de las empresas, crear una barrera de desinfecci\u00f3n en tu negocio.\",\"breadcrumb\":{\"@id\":\"https:\/\/creativosbyhand.com\/index.php\/covid-19-panama\/#breadcrumb\"},\"inLanguage\":\"es\",\"potentialAction\":[{\"@type\":\"ReadAction\",\"target\":[\"https:\/\/creativosbyhand.com\/index.php\/covid-19-panama\/\"]}]},{\"@type\":\"BreadcrumbList\",\"@id\":\"https:\/\/creativosbyhand.com\/index.php\/covid-19-panama\/#breadcrumb\",\"itemListElement\":[{\"@type\":\"ListItem\",\"position\":1,\"name\":\"Portada\",\"item\":\"https:\/\/creativosbyhand.com\/\"},{\"@type\":\"ListItem\",\"position\":2,\"name\":\"Tunel Sanitario\"}]},{\"@type\":\"WebSite\",\"@id\":\"https:\/\/creativosbyhand.com\/#website\",\"url\":\"https:\/\/creativosbyhand.com\/\",\"name\":\"Creativos by hand choys\",\"description\":\"Creativos by hand choys - Todo en publicidad\",\"potentialAction\":[{\"@type\":\"SearchAction\",\"target\":{\"@type\":\"EntryPoint\",\"urlTemplate\":\"https:\/\/creativosbyhand.com\/?s={search_term_string}\"},\"query-input\":\"required name=search_term_string\"}],\"inLanguage\":\"es\"}]}<\/script>\n<!-- \/ Yoast SEO plugin. -->","yoast_head_json":{"title":"Tunel Sanitario &#171; Creativos by Hand Choys","description":"covid-19 - Nos unimos al apoyo de las empresas, crear una barrera de desinfecci\u00f3n en tu negocio.","robots":{"index":"index","follow":"follow","max-snippet":"max-snippet:-1","max-image-preview":"max-image-preview:large","max-video-preview":"max-video-preview:-1"},"canonical":"https:\/\/creativosbyhand.com\/index.php\/covid-19-panama\/","og_locale":"es_ES","og_type":"article","og_title":"Tunel Sanitario &#171; Creativos by Hand Choys","og_description":"covid-19 - Nos unimos al apoyo de las empresas, crear una barrera de desinfecci\u00f3n en tu negocio.","og_url":"https:\/\/creativosbyhand.com\/index.php\/covid-19-panama\/","og_site_name":"Creativos by Hand Choys","article_publisher":"https:\/\/www.facebook.com\/Creativosbyhand","article_modified_time":"2020-04-12T20:11:27+00:00","twitter_card":"summary_large_image","schema":{"@context":"https:\/\/schema.org","@graph":[{"@type":"WebPage","@id":"https:\/\/creativosbyhand.com\/index.php\/covid-19-panama\/","url":"https:\/\/creativosbyhand.com\/index.php\/covid-19-panama\/","name":"Tunel Sanitario &#171; Creativos by Hand Choys","isPartOf":{"@id":"https:\/\/creativosbyhand.com\/#website"},"datePublished":"2020-04-11T23:18:43+00:00","dateModified":"2020-04-12T20:11:27+00:00","description":"covid-19 - Nos unimos al apoyo de las empresas, crear una barrera de desinfecci\u00f3n en tu negocio.","breadcrumb":{"@id":"https:\/\/creativosbyhand.com\/index.php\/covid-19-panama\/#breadcrumb"},"inLanguage":"es","potentialAction":[{"@type":"ReadAction","target":["https:\/\/creativosbyhand.com\/index.php\/covid-19-panama\/"]}]},{"@type":"BreadcrumbList","@id":"https:\/\/creativosbyhand.com\/index.php\/covid-19-panama\/#breadcrumb","itemListElement":[{"@type":"ListItem","position":1,"name":"Portada","item":"https:\/\/creativosbyhand.com\/"},{"@type":"ListItem","position":2,"name":"Tunel Sanitario"}]},{"@type":"WebSite","@id":"https:\/\/creativosbyhand.com\/#website","url":"https:\/\/creativosbyhand.com\/","name":"Creativos by hand choys","description":"Creativos by hand choys - Todo en publicidad","potentialAction":[{"@type":"SearchAction","target":{"@type":"EntryPoint","urlTemplate":"https:\/\/creativosbyhand.com\/?s={search_term_string}"},"query-input":"required name=search_term_string"}],"inLanguage":"es"}]}},"_links":{"self":[{"href":"https:\/\/creativosbyhand.com\/index.php\/wp-json\/wp\/v2\/pages\/235"}],"collection":[{"href":"https:\/\/creativosbyhand.com\/index.php\/wp-json\/wp\/v2\/pages"}],"about":[{"href":"https:\/\/creativosbyhand.com\/index.php\/wp-json\/wp\/v2\/types\/page"}],"author":[{"embeddable":true,"href":"https:\/\/creativosbyhand.com\/index.php\/wp-json\/wp\/v2\/users\/1"}],"replies":[{"embeddable":true,"href":"https:\/\/creativosbyhand.com\/index.php\/wp-json\/wp\/v2\/comments?post=235"}],"version-history":[{"count":4,"href":"https:\/\/creativosbyhand.com\/index.php\/wp-json\/wp\/v2\/pages\/235\/revisions"}],"predecessor-version":[{"id":254,"href":"https:\/\/creativosbyhand.com\/index.php\/wp-json\/wp\/v2\/pages\/235\/revisions\/254"}],"wp:attachment":[{"href":"https:\/\/creativosbyhand.com\/index.php\/wp-json\/wp\/v2\/media?parent=235"}],"curies":[{"name":"wp","href":"https:\/\/api.w.org\/{rel}","templated":true}]}}