{"id":115,"date":"2020-04-10T13:59:39","date_gmt":"2020-04-10T17:59:39","guid":{"rendered":"https:\/\/creativosbyhand.com\/?page_id=115"},"modified":"2020-04-28T12:59:33","modified_gmt":"2020-04-28T16:59:33","slug":"nosotros","status":"publish","type":"page","link":"https:\/\/creativosbyhand.com\/index.php\/nosotros\/","title":{"rendered":"NOSOTROS"},"content":{"rendered":"\n<p>Somos una empresa creada en la <strong><em>ciudad de Panam\u00e1<\/em><\/strong>, nos dedicamos a la comercializaci\u00f3n de todo tipo de <strong><a rel=\"noreferrer noopener\" href=\"https:\/\/creativosbyhand.com\/index.php\/portfolio-item\/publicidad-panama\/\" target=\"_blank\">materiales publicitarios<\/a><\/strong> y <a rel=\"noreferrer noopener\" href=\"https:\/\/creativosbyhand.com\/index.php\/portfolio-item\/eventos-panama\/\" target=\"_blank\">eventos.<\/a><\/p>\n\n\n\n<p>Puedes disfrutar de nuestra amplia experiencia. Tu empresa lograr\u00e1 mostrarse de una forma original y diferenciadora. Crear\u00e1s un alto impacto <a rel=\"noreferrer noopener\" href=\"https:\/\/creativosbyhand.com\/#cotiza\" target=\"_blank\">\u00bfQuieres saber m\u00e1s?<\/a><\/p>\n\n\n\n<p>Somos un equipo especializado en <a rel=\"noreferrer noopener\" href=\"https:\/\/creativosbyhand.com\/index.php\/portfolio-item\/publicidad-panama\/\" target=\"_blank\">publicidad.<\/a> Nuestros expertos te brindar\u00e1n la mejor opci\u00f3n para ti. Nuestros clientes conocen la calidad de nuestros <a href=\"https:\/\/creativosbyhand.com\/#quehacemos\" target=\"_blank\" rel=\"noreferrer noopener\">productos y servicios<\/a>, es una de nuestras fortalezas como empresa.<\/p>\n\n\n\n<p class=\"has-text-align-center\"><br> \u00a1Como T\u00fa lo mereces! &#8211;<\/p>\n\n\n\n<div class=\"wp-block-columns is-layout-flex wp-container-5 wp-block-columns-is-layout-flex\">\n<div class=\"wp-block-column is-layout-flow wp-block-column-is-layout-flow\">\n<h2 class=\"wp-block-heading\"><strong>\u00bfQU\u00c9&nbsp;OFRECEMOS?<\/strong><\/h2>\n\n\n\n<p class=\"has-text-align-center\">Nuestros creativos cubiertos de experiencia, adem\u00e1s de inteligencia y entusiasmo, son profundamente curiosos y disciplinados, eso les ayuda a estar a la <strong>vanguardia publicitaria.<\/strong> <strong>Estas a un CLIC de nuestros creativos y las \u00faltimas tendencias<\/strong>.<\/p>\n\n\n\n<p><\/p>\n\n\n\n<ul><li><a rel=\"noreferrer noopener\" href=\"https:\/\/creativosbyhand.com\/index.php\/portfolio-item\/publicidad-panama\/\" target=\"_blank\">TODO TIPO DE INFLABLES PUBLICITARIOS*<\/a><\/li><li><a rel=\"noreferrer noopener\" href=\"https:\/\/creativosbyhand.com\/index.php\/portfolio-item\/ferias-stands-convenciones-panama\/\" target=\"_blank\">STANDS*<\/a><\/li><li><a rel=\"noreferrer noopener\" href=\"https:\/\/creativosbyhand.com\/index.php\/portfolio-item\/publicidad-panama\/\" target=\"_blank\">IMPRESIONES DIGITALES<\/a><\/li><li><a rel=\"noreferrer noopener\" href=\"https:\/\/creativosbyhand.com\/index.php\/portfolio-item\/publicidad-panama\/\" target=\"_blank\">ART\u00cdCULOS PROVISIONALES*<\/a><\/li><li><a rel=\"noreferrer noopener\" href=\"https:\/\/creativosbyhand.com\/index.php\/portfolio-item\/publicidad-panama\/\" target=\"_blank\">VALLAS Y SE\u00d1ALIZACIONES*<\/a><\/li><li><a rel=\"noreferrer noopener\" href=\"https:\/\/creativosbyhand.com\/index.php\/portfolio-item\/mobiliario-comercial-panama\/\" target=\"_blank\">MOBILIARIO ESPECIAL: CARRITOS , KIOSKOS<\/a><\/li><li><a rel=\"noreferrer noopener\" href=\"https:\/\/creativosbyhand.com\/index.php\/portfolio-item\/mobiliario-comercial-panama\/\" target=\"_blank\">PARQUES INTERIORES Y EXTERIORES*<\/a><\/li><li><a href=\"https:\/\/creativosbyhand.com\/index.php\/portfolio-item\/post-venta-reparacion-inflable-mantenimiento\/\" target=\"_blank\" rel=\"noreferrer noopener\">SERVICIOS DE REPARACI\u00d3N Y MANTENIMIENTO<\/a><\/li><li>DISFRACES INFLABLES Y&nbsp; DE PELUCHE*<\/li><li>SERVICIOS CREATIVOS PARA PUBLICIDAD.<\/li><\/ul>\n\n\n\n<p><strong>*DISPONIBLE PARA COMPRA O ALQUILER<\/strong><\/p>\n<\/div>\n\n\n\n<div class=\"wp-block-column is-layout-flow wp-block-column-is-layout-flow\">\n<div class=\"wp-block-group\"><div class=\"wp-block-group__inner-container is-layout-flow wp-block-group-is-layout-flow\">\n<div class=\"wp-block-group\"><div class=\"wp-block-group__inner-container is-layout-flow wp-block-group-is-layout-flow\">\n<h2 class=\"wp-block-heading\"><strong>\u00bfC\u00d3MO LO HACEMOS?<\/strong><\/h2>\n\n\n\n<p>Creamos una metodolog\u00eda creativa. Resaltar el \u00abKnow-how\u00bb de tu empresa a trav\u00e9s de experiencias para tus clientes es una de nuestras fortalezas. Impulsar tu campa\u00f1a o evento publicitario logrando beneficios y buenos resultados nunca fue tan sencillo.<\/p>\n<\/div><\/div>\n<\/div><\/div>\n\n\n\n<p><strong><em>Nos enfocamos en 4 \u00e1reas principales.<\/em><\/strong><br><a href=\"https:\/\/creativosbyhand.com\/index.php\/portfolio-item\/publicidad-panama\/\">Publicidad<\/a> | <a href=\"https:\/\/creativosbyhand.com\/index.php\/portfolio-item\/eventos-panama\/\">Eventos<\/a> | <a href=\"https:\/\/creativosbyhand.com\/index.php\/portfolio-item\/ferias-stands-convenciones-panama\/\">Ferias<\/a> | <a href=\"https:\/\/creativosbyhand.com\/index.php\/portfolio-item\/mobiliario-comercial-panama\/\">Mobiliario comercial<\/a><\/p>\n\n\n\n<p>Te guiaremos en la elaboraci\u00f3n de tu plan de campa\u00f1a o evento publicitario, te acompa\u00f1aremos desde el principio, desde la planeaci\u00f3n, definici\u00f3n de objetivos y te brindaremos la mejor alternativa para ti y tu campa\u00f1a publicitaria. <a href=\"https:\/\/creativosbyhand.com\/#cotiza\" target=\"_blank\" rel=\"noreferrer noopener\">\u00bfComenzamos?<\/a><\/p>\n\n\n\n<p>\u00bfTu marca tiene personalidad? &#8211; Ya te has dado cuenta, tu empresa funciona como un organismo independiente, conformado por ti y tus colaboradores. <strong><em>\u00a1Tiene WhatsApp, E-MAIL y hasta redes sociales! <\/em><\/strong> &#8211;  En este sentido, lograremos conectar con tu audiencia.<\/p>\n\n\n\n<p><strong> \u00a1Los tiempos de corporaciones sin alma acabaron! <\/strong><\/p>\n\n\n\n<p>By Hand Choy\u00b4s Group <\/p>\n\n\n\n<p> Est\u00e1 conformada por cerebros creativos apasionados por la innovaci\u00f3n; La comunicaci\u00f3n de tu empresa es parte de nuestra estrat\u00e9gia <a href=\"https:\/\/creativosbyhand.com\/index.php\/portfolio-item\/publicidad-panama\/\" target=\"_blank\" rel=\"noreferrer noopener\">publicitaria<\/a>, nos hemos acostumbrado a enfrentar retos y nos enfocamos en la comunicaci\u00f3n visual para tu campa\u00f1a o <a href=\"https:\/\/creativosbyhand.com\/index.php\/portfolio-item\/eventos-panama\/\" target=\"_blank\" rel=\"noreferrer noopener\">evento publicitario.<\/a><\/p>\n<\/div>\n<\/div>\n\n\n\n<p><\/p>\n","protected":false},"excerpt":{"rendered":"<p>Somos una empresa creada en la ciudad de Panam\u00e1, nos dedicamos a la comercializaci\u00f3n de todo tipo de materiales publicitarios y eventos. Puedes disfrutar de nuestra<span class=\"excerpt-hellip\"> [\u2026]<\/span><\/p>\n","protected":false},"author":1,"featured_media":0,"parent":0,"menu_order":0,"comment_status":"open","ping_status":"closed","template":"","meta":{"ngg_post_thumbnail":0,"footnotes":""},"aioseo_notices":[],"yoast_head":"<!-- This site is optimized with the Yoast SEO plugin v21.3 - https:\/\/yoast.com\/wordpress\/plugins\/seo\/ -->\n<title>Nosotros - Publicidad - Eventos<\/title>\n<meta name=\"description\" content=\"Somos una empresa ubicada en ciudad de panam\u00e1, ofrecemos publicidad para empresas, participaci\u00f3n en ferias, eventos, mobiliario comercial, marketing\" \/>\n<meta name=\"robots\" content=\"index, follow, max-snippet:-1, max-image-preview:large, max-video-preview:-1\" \/>\n<link rel=\"canonical\" href=\"https:\/\/creativosbyhand.com\/index.php\/nosotros\/\" \/>\n<meta property=\"og:locale\" content=\"es_ES\" \/>\n<meta property=\"og:type\" content=\"article\" \/>\n<meta property=\"og:title\" content=\"Nosotros - Publicidad - Eventos\" \/>\n<meta property=\"og:description\" content=\"Somos una empresa ubicada en ciudad de panam\u00e1, ofrecemos publicidad para empresas, participaci\u00f3n en ferias, eventos, mobiliario comercial, marketing\" \/>\n<meta property=\"og:url\" content=\"https:\/\/creativosbyhand.com\/index.php\/nosotros\/\" \/>\n<meta property=\"og:site_name\" content=\"Creativos by Hand Choys\" \/>\n<meta property=\"article:publisher\" content=\"https:\/\/www.facebook.com\/Creativosbyhand\" \/>\n<meta property=\"article:modified_time\" content=\"2020-04-28T16:59:33+00:00\" \/>\n<meta name=\"twitter:card\" content=\"summary_large_image\" \/>\n<meta name=\"twitter:label1\" content=\"Tiempo estimado de lectura\" \/>\n\t<meta name=\"twitter:data1\" content=\"2 minutos\" \/>\n<script type=\"application\/ld+json\" class=\"yoast-schema-graph\">{\"@context\":\"https:\/\/schema.org\",\"@graph\":[{\"@type\":\"WebPage\",\"@id\":\"https:\/\/creativosbyhand.com\/index.php\/nosotros\/\",\"url\":\"https:\/\/creativosbyhand.com\/index.php\/nosotros\/\",\"name\":\"Nosotros - Publicidad - Eventos\",\"isPartOf\":{\"@id\":\"https:\/\/creativosbyhand.com\/#website\"},\"datePublished\":\"2020-04-10T17:59:39+00:00\",\"dateModified\":\"2020-04-28T16:59:33+00:00\",\"description\":\"Somos una empresa ubicada en ciudad de panam\u00e1, ofrecemos publicidad para empresas, participaci\u00f3n en ferias, eventos, mobiliario comercial, marketing\",\"breadcrumb\":{\"@id\":\"https:\/\/creativosbyhand.com\/index.php\/nosotros\/#breadcrumb\"},\"inLanguage\":\"es\",\"potentialAction\":[{\"@type\":\"ReadAction\",\"target\":[\"https:\/\/creativosbyhand.com\/index.php\/nosotros\/\"]}]},{\"@type\":\"BreadcrumbList\",\"@id\":\"https:\/\/creativosbyhand.com\/index.php\/nosotros\/#breadcrumb\",\"itemListElement\":[{\"@type\":\"ListItem\",\"position\":1,\"name\":\"Portada\",\"item\":\"https:\/\/creativosbyhand.com\/\"},{\"@type\":\"ListItem\",\"position\":2,\"name\":\"NOSOTROS\"}]},{\"@type\":\"WebSite\",\"@id\":\"https:\/\/creativosbyhand.com\/#website\",\"url\":\"https:\/\/creativosbyhand.com\/\",\"name\":\"Creativos by hand choys\",\"description\":\"Creativos by hand choys - Todo en publicidad\",\"potentialAction\":[{\"@type\":\"SearchAction\",\"target\":{\"@type\":\"EntryPoint\",\"urlTemplate\":\"https:\/\/creativosbyhand.com\/?s={search_term_string}\"},\"query-input\":\"required name=search_term_string\"}],\"inLanguage\":\"es\"}]}<\/script>\n<!-- \/ Yoast SEO plugin. -->","yoast_head_json":{"title":"Nosotros - Publicidad - Eventos","description":"Somos una empresa ubicada en ciudad de panam\u00e1, ofrecemos publicidad para empresas, participaci\u00f3n en ferias, eventos, mobiliario comercial, marketing","robots":{"index":"index","follow":"follow","max-snippet":"max-snippet:-1","max-image-preview":"max-image-preview:large","max-video-preview":"max-video-preview:-1"},"canonical":"https:\/\/creativosbyhand.com\/index.php\/nosotros\/","og_locale":"es_ES","og_type":"article","og_title":"Nosotros - Publicidad - Eventos","og_description":"Somos una empresa ubicada en ciudad de panam\u00e1, ofrecemos publicidad para empresas, participaci\u00f3n en ferias, eventos, mobiliario comercial, marketing","og_url":"https:\/\/creativosbyhand.com\/index.php\/nosotros\/","og_site_name":"Creativos by Hand Choys","article_publisher":"https:\/\/www.facebook.com\/Creativosbyhand","article_modified_time":"2020-04-28T16:59:33+00:00","twitter_card":"summary_large_image","twitter_misc":{"Tiempo estimado de lectura":"2 minutos"},"schema":{"@context":"https:\/\/schema.org","@graph":[{"@type":"WebPage","@id":"https:\/\/creativosbyhand.com\/index.php\/nosotros\/","url":"https:\/\/creativosbyhand.com\/index.php\/nosotros\/","name":"Nosotros - Publicidad - Eventos","isPartOf":{"@id":"https:\/\/creativosbyhand.com\/#website"},"datePublished":"2020-04-10T17:59:39+00:00","dateModified":"2020-04-28T16:59:33+00:00","description":"Somos una empresa ubicada en ciudad de panam\u00e1, ofrecemos publicidad para empresas, participaci\u00f3n en ferias, eventos, mobiliario comercial, marketing","breadcrumb":{"@id":"https:\/\/creativosbyhand.com\/index.php\/nosotros\/#breadcrumb"},"inLanguage":"es","potentialAction":[{"@type":"ReadAction","target":["https:\/\/creativosbyhand.com\/index.php\/nosotros\/"]}]},{"@type":"BreadcrumbList","@id":"https:\/\/creativosbyhand.com\/index.php\/nosotros\/#breadcrumb","itemListElement":[{"@type":"ListItem","position":1,"name":"Portada","item":"https:\/\/creativosbyhand.com\/"},{"@type":"ListItem","position":2,"name":"NOSOTROS"}]},{"@type":"WebSite","@id":"https:\/\/creativosbyhand.com\/#website","url":"https:\/\/creativosbyhand.com\/","name":"Creativos by hand choys","description":"Creativos by hand choys - Todo en publicidad","potentialAction":[{"@type":"SearchAction","target":{"@type":"EntryPoint","urlTemplate":"https:\/\/creativosbyhand.com\/?s={search_term_string}"},"query-input":"required name=search_term_string"}],"inLanguage":"es"}]}},"_links":{"self":[{"href":"https:\/\/creativosbyhand.com\/index.php\/wp-json\/wp\/v2\/pages\/115"}],"collection":[{"href":"https:\/\/creativosbyhand.com\/index.php\/wp-json\/wp\/v2\/pages"}],"about":[{"href":"https:\/\/creativosbyhand.com\/index.php\/wp-json\/wp\/v2\/types\/page"}],"author":[{"embeddable":true,"href":"https:\/\/creativosbyhand.com\/index.php\/wp-json\/wp\/v2\/users\/1"}],"replies":[{"embeddable":true,"href":"https:\/\/creativosbyhand.com\/index.php\/wp-json\/wp\/v2\/comments?post=115"}],"version-history":[{"count":15,"href":"https:\/\/creativosbyhand.com\/index.php\/wp-json\/wp\/v2\/pages\/115\/revisions"}],"predecessor-version":[{"id":664,"href":"https:\/\/creativosbyhand.com\/index.php\/wp-json\/wp\/v2\/pages\/115\/revisions\/664"}],"wp:attachment":[{"href":"https:\/\/creativosbyhand.com\/index.php\/wp-json\/wp\/v2\/media?parent=115"}],"curies":[{"name":"wp","href":"https:\/\/api.w.org\/{rel}","templated":true}]}}